{"id":29658,"date":"2024-06-20T16:05:14","date_gmt":"2024-06-20T14:05:14","guid":{"rendered":"https:\/\/test.collectif-tourbillon.ch\/das-kollektiv\/"},"modified":"2024-08-27T15:09:15","modified_gmt":"2024-08-27T13:09:15","slug":"das-kollektiv","status":"publish","type":"page","link":"https:\/\/www.collectif-tourbillon.ch\/de\/das-kollektiv\/","title":{"rendered":"Das Collectif"},"content":{"rendered":"\t\t<div data-elementor-type=\"wp-page\" data-elementor-id=\"29658\" class=\"elementor elementor-29658 elementor-28887\" data-elementor-post-type=\"page\">\n\t\t\t\t<div class=\"elementor-element elementor-element-897e2af e-flex e-con-boxed e-con e-parent\" data-id=\"897e2af\" data-element_type=\"container\" data-e-type=\"container\" data-settings=\"{&quot;background_background&quot;:&quot;classic&quot;}\">\n\t\t\t\t\t<div class=\"e-con-inner\">\n\t\t\t\t<div class=\"elementor-element elementor-element-af8f258 elementor-widget elementor-widget-spacer\" data-id=\"af8f258\" data-element_type=\"widget\" data-e-type=\"widget\" data-widget_type=\"spacer.default\">\n\t\t\t\t<div class=\"elementor-widget-container\">\n\t\t\t\t\t\t\t<div class=\"elementor-spacer\">\n\t\t\t<div class=\"elementor-spacer-inner\"><\/div>\n\t\t<\/div>\n\t\t\t\t\t\t<\/div>\n\t\t\t\t<\/div>\n\t\t\t\t<div class=\"elementor-element elementor-element-f3d1bb9 elementor-widget elementor-widget-heading\" data-id=\"f3d1bb9\" data-element_type=\"widget\" data-e-type=\"widget\" data-widget_type=\"heading.default\">\n\t\t\t\t<div class=\"elementor-widget-container\">\n\t\t\t\t\t<h1 class=\"elementor-heading-title elementor-size-default\">\u00dcber uns<\/h1>\t\t\t\t<\/div>\n\t\t\t\t<\/div>\n\t\t\t\t\t<\/div>\n\t\t\t\t<\/div>\n\t\t<div class=\"elementor-element elementor-element-f52ae01 e-flex e-con-boxed e-con e-parent\" data-id=\"f52ae01\" data-element_type=\"container\" data-e-type=\"container\" data-settings=\"{&quot;background_background&quot;:&quot;classic&quot;}\">\n\t\t\t\t\t<div class=\"e-con-inner\">\n\t\t<div class=\"elementor-element elementor-element-a27235d e-con-full e-flex e-con e-child\" data-id=\"a27235d\" data-element_type=\"container\" data-e-type=\"container\">\n\t\t\t\t<div class=\"elementor-element elementor-element-ed28dd7 elementor-widget elementor-widget-heading\" data-id=\"ed28dd7\" data-element_type=\"widget\" data-e-type=\"widget\" data-widget_type=\"heading.default\">\n\t\t\t\t<div class=\"elementor-widget-container\">\n\t\t\t\t\t<h2 class=\"elementor-heading-title elementor-size-default\">Unsere Vision<\/h2>\t\t\t\t<\/div>\n\t\t\t\t<\/div>\n\t\t\t\t<div class=\"elementor-element elementor-element-e2d4095 elementor-widget elementor-widget-heading\" data-id=\"e2d4095\" data-element_type=\"widget\" data-e-type=\"widget\" data-widget_type=\"heading.default\">\n\t\t\t\t<div class=\"elementor-widget-container\">\n\t\t\t\t\t<h3 class=\"elementor-heading-title elementor-size-default\">Die Leidenschaft f\u00fcr den Fussball bewahren<\/h3>\t\t\t\t<\/div>\n\t\t\t\t<\/div>\n\t\t\t\t<div class=\"elementor-element elementor-element-e21c8dd elementor-widget elementor-widget-text-editor\" data-id=\"e21c8dd\" data-element_type=\"widget\" data-e-type=\"widget\" data-widget_type=\"text-editor.default\">\n\t\t\t\t<div class=\"elementor-widget-container\">\n\t\t\t\t\t\t\t\t\t<p>Ob als Mitglied des Collectifs oder als Fan, wir streben danach, dass der FC Sitten sich weiterentwickelt und jede Saison besser wird. Wir wollen die Werte und die Identit\u00e4t des FC Sitten bewahren und dabei unserem Verst\u00e4ndnis von Fussball treu bleiben.<\/p>\n<p>Mitglied des Collectifs zu sein bedeutet, die Identit\u00e4t des Clubs und unserer Region zu bewahren und zu sch\u00fctzen. Es bedeutet auch, seine Stimme einzubringen, damit die Entwicklung des FC Sitten und des Collectifs auf Prinzipien basiert, die wir als gerecht empfinden und die von der Mehrheit der Fans mitgetragen werden. Wir sind \u00fcberzeugt, dass diese Anstrengungen unsere Gemeinschaft bereichern, unsere Leidenschaft weiter entfachen und den einzigartigen Geist des FC Sitten bewahren werden.<\/p>\n\t\t\t\t\t\t\t\t<\/div>\n\t\t\t\t<\/div>\n\t\t\t\t<\/div>\n\t\t<div class=\"elementor-element elementor-element-525f8d5 e-con-full e-flex e-con e-child\" data-id=\"525f8d5\" data-element_type=\"container\" data-e-type=\"container\">\n\t\t\t\t<div class=\"elementor-element elementor-element-0cc3648 elementor-widget elementor-widget-image\" data-id=\"0cc3648\" data-element_type=\"widget\" data-e-type=\"widget\" data-widget_type=\"image.default\">\n\t\t\t\t<div class=\"elementor-widget-container\">\n\t\t\t\t\t\t\t\t\t\t\t\t\t\t\t<img fetchpriority=\"high\" decoding=\"async\" width=\"800\" height=\"510\" src=\"https:\/\/www.collectif-tourbillon.ch\/wp-content\/uploads\/2024\/08\/IMG_0373-1-1024x653.jpg\" class=\"attachment-large size-large wp-image-30604\" alt=\"\" srcset=\"https:\/\/www.collectif-tourbillon.ch\/wp-content\/uploads\/2024\/08\/IMG_0373-1-1024x653.jpg 1024w, https:\/\/www.collectif-tourbillon.ch\/wp-content\/uploads\/2024\/08\/IMG_0373-1-300x191.jpg 300w, https:\/\/www.collectif-tourbillon.ch\/wp-content\/uploads\/2024\/08\/IMG_0373-1-768x489.jpg 768w, https:\/\/www.collectif-tourbillon.ch\/wp-content\/uploads\/2024\/08\/IMG_0373-1-1536x979.jpg 1536w, https:\/\/www.collectif-tourbillon.ch\/wp-content\/uploads\/2024\/08\/IMG_0373-1.jpg 2048w\" sizes=\"(max-width: 800px) 100vw, 800px\" \/>\t\t\t\t\t\t\t\t\t\t\t\t\t\t\t<\/div>\n\t\t\t\t<\/div>\n\t\t\t\t<\/div>\n\t\t\t\t\t<\/div>\n\t\t\t\t<\/div>\n\t\t<div class=\"elementor-element elementor-element-1e19d30 e-flex e-con-boxed e-con e-parent\" data-id=\"1e19d30\" data-element_type=\"container\" data-e-type=\"container\" data-settings=\"{&quot;background_background&quot;:&quot;classic&quot;}\">\n\t\t\t\t\t<div class=\"e-con-inner\">\n\t\t<div class=\"elementor-element elementor-element-cccbced e-con-full e-flex e-con e-child\" data-id=\"cccbced\" data-element_type=\"container\" data-e-type=\"container\">\n\t\t\t\t<div class=\"elementor-element elementor-element-4ebd9a0 elementor-widget elementor-widget-heading\" data-id=\"4ebd9a0\" data-element_type=\"widget\" data-e-type=\"widget\" data-widget_type=\"heading.default\">\n\t\t\t\t<div class=\"elementor-widget-container\">\n\t\t\t\t\t<h2 class=\"elementor-heading-title elementor-size-default\">Unsere Inspiration<\/h2>\t\t\t\t<\/div>\n\t\t\t\t<\/div>\n\t\t\t\t<div class=\"elementor-element elementor-element-8725ee0 elementor-widget elementor-widget-heading\" data-id=\"8725ee0\" data-element_type=\"widget\" data-e-type=\"widget\" data-widget_type=\"heading.default\">\n\t\t\t\t<div class=\"elementor-widget-container\">\n\t\t\t\t\t<h3 class=\"elementor-heading-title elementor-size-default\">Inspiration aus Deutschland<\/h3>\t\t\t\t<\/div>\n\t\t\t\t<\/div>\n\t\t\t\t<div class=\"elementor-element elementor-element-741d097 elementor-widget elementor-widget-text-editor\" data-id=\"741d097\" data-element_type=\"widget\" data-e-type=\"widget\" data-widget_type=\"text-editor.default\">\n\t\t\t\t<div class=\"elementor-widget-container\">\n\t\t\t\t\t\t\t\t\t<p><span lang=\"FR\">In einer Zeit, in welcher der Fussball zunehmend kommerzialisiert wird, m\u00f6chten wir an den Werten unseres Lieblingssports festhalten. Das Collectif hat sich von den deutschen Vereinen inspirieren lassen: Nach deutschem Recht m\u00fcssen 51 % der Anteile des Vereins in den H\u00e4nden der Fans bleiben.  <\/span><\/p>\n<div>\n<div>Aus dieser Inspiration wollen wir nicht den Prozentsatz, sondern den Zusammenhalt der deutschen Fans \u00fcbernehmen. Diese enge Verbundenheit m\u00f6chten wir ins Wallis bringen, um die verschiedenen Akteure unserer sch\u00f6nen Region miteinander ins Gespr\u00e4ch zu bringen. <\/div>\n<\/div>\n\t\t\t\t\t\t\t\t<\/div>\n\t\t\t\t<\/div>\n\t\t\t\t<\/div>\n\t\t<div class=\"elementor-element elementor-element-60ed505 e-con-full e-flex e-con e-child\" data-id=\"60ed505\" data-element_type=\"container\" data-e-type=\"container\">\n\t\t\t\t<div class=\"elementor-element elementor-element-95b820f elementor-widget elementor-widget-image\" data-id=\"95b820f\" data-element_type=\"widget\" data-e-type=\"widget\" data-widget_type=\"image.default\">\n\t\t\t\t<div class=\"elementor-widget-container\">\n\t\t\t\t\t\t\t\t\t\t\t\t\t\t\t<img decoding=\"async\" width=\"800\" height=\"534\" src=\"https:\/\/www.collectif-tourbillon.ch\/wp-content\/uploads\/2024\/08\/IMG_0370-1-1024x683.jpg\" class=\"attachment-large size-large wp-image-30606\" alt=\"\" srcset=\"https:\/\/www.collectif-tourbillon.ch\/wp-content\/uploads\/2024\/08\/IMG_0370-1-1024x683.jpg 1024w, https:\/\/www.collectif-tourbillon.ch\/wp-content\/uploads\/2024\/08\/IMG_0370-1-300x200.jpg 300w, https:\/\/www.collectif-tourbillon.ch\/wp-content\/uploads\/2024\/08\/IMG_0370-1-768x512.jpg 768w, https:\/\/www.collectif-tourbillon.ch\/wp-content\/uploads\/2024\/08\/IMG_0370-1-1536x1024.jpg 1536w, https:\/\/www.collectif-tourbillon.ch\/wp-content\/uploads\/2024\/08\/IMG_0370-1.jpg 2048w\" sizes=\"(max-width: 800px) 100vw, 800px\" \/>\t\t\t\t\t\t\t\t\t\t\t\t\t\t\t<\/div>\n\t\t\t\t<\/div>\n\t\t\t\t<\/div>\n\t\t\t\t\t<\/div>\n\t\t\t\t<\/div>\n\t\t<div class=\"elementor-element elementor-element-adac739 e-flex e-con-boxed e-con e-parent\" data-id=\"adac739\" data-element_type=\"container\" data-e-type=\"container\" data-settings=\"{&quot;background_background&quot;:&quot;classic&quot;}\">\n\t\t\t\t\t<div class=\"e-con-inner\">\n\t\t<div class=\"elementor-element elementor-element-e85e8ae e-con-full e-flex e-con e-child\" data-id=\"e85e8ae\" data-element_type=\"container\" data-e-type=\"container\">\n\t\t\t\t<div class=\"elementor-element elementor-element-9c41db5 elementor-widget elementor-widget-image\" data-id=\"9c41db5\" data-element_type=\"widget\" data-e-type=\"widget\" data-widget_type=\"image.default\">\n\t\t\t\t<div class=\"elementor-widget-container\">\n\t\t\t\t\t\t\t\t\t\t\t\t\t\t\t<img decoding=\"async\" width=\"800\" height=\"527\" src=\"https:\/\/www.collectif-tourbillon.ch\/wp-content\/uploads\/2024\/08\/IMG_0377-1.jpg\" class=\"attachment-large size-large wp-image-30608\" alt=\"\" srcset=\"https:\/\/www.collectif-tourbillon.ch\/wp-content\/uploads\/2024\/08\/IMG_0377-1.jpg 960w, https:\/\/www.collectif-tourbillon.ch\/wp-content\/uploads\/2024\/08\/IMG_0377-1-300x198.jpg 300w, https:\/\/www.collectif-tourbillon.ch\/wp-content\/uploads\/2024\/08\/IMG_0377-1-768x506.jpg 768w\" sizes=\"(max-width: 800px) 100vw, 800px\" \/>\t\t\t\t\t\t\t\t\t\t\t\t\t\t\t<\/div>\n\t\t\t\t<\/div>\n\t\t\t\t<\/div>\n\t\t<div class=\"elementor-element elementor-element-8afff0f e-con-full e-flex e-con e-child\" data-id=\"8afff0f\" data-element_type=\"container\" data-e-type=\"container\">\n\t\t\t\t<div class=\"elementor-element elementor-element-ede5659 elementor-widget elementor-widget-heading\" data-id=\"ede5659\" data-element_type=\"widget\" data-e-type=\"widget\" data-widget_type=\"heading.default\">\n\t\t\t\t<div class=\"elementor-widget-container\">\n\t\t\t\t\t<h2 class=\"elementor-heading-title elementor-size-default\">Unsere Vision<\/h2>\t\t\t\t<\/div>\n\t\t\t\t<\/div>\n\t\t\t\t<div class=\"elementor-element elementor-element-4542d24 elementor-widget elementor-widget-heading\" data-id=\"4542d24\" data-element_type=\"widget\" data-e-type=\"widget\" data-widget_type=\"heading.default\">\n\t\t\t\t<div class=\"elementor-widget-container\">\n\t\t\t\t\t<h3 class=\"elementor-heading-title elementor-size-default\">Konkrete Aktionen<\/h3>\t\t\t\t<\/div>\n\t\t\t\t<\/div>\n\t\t\t\t<div class=\"elementor-element elementor-element-dbb1dce elementor-widget elementor-widget-text-editor\" data-id=\"dbb1dce\" data-element_type=\"widget\" data-e-type=\"widget\" data-widget_type=\"text-editor.default\">\n\t\t\t\t<div class=\"elementor-widget-container\">\n\t\t\t\t\t\t\t\t\t<p>Sich auszutauschen und zu diskutieren ist wichtig, doch letztlich z\u00e4hlen die Taten: Mit Versammlungen, Events und Initiativen will das Collectif Tourbillon die Entwicklung des Nachwuchs- und des Frauenfussballs beim FC Sitten entscheidend voranbringen.<\/p>\n<p>Um unsere Ziele zu erreichen, haben wir das Collectif Tourbillon als Fanverein organisiert. Dies erm\u00f6glicht es, die erforderlichen Mittel zur Umsetzung dieser Projekte zu beschaffen. Wir haben uns mehrfach mit Christian Constantin ausgetauscht, der uns seine Unterst\u00fctzung bei der Verwirklichung unser Vision zugesichert hat. Gest\u00fctzt auf diesen gemeinsamen Willen m\u00f6chten wir nun die verschiedenen Bereiche des Clubs finanziell und logistisch unterst\u00fctzen. Wenn genug Geld zusammenkommt, wollen wir einen Teil des Aktienkapitals des FC Sitten (dem Profibereich) erwerben.<\/p>\n<p>Unser Ziel ist es, das Collectif zu einer kraftvollen Bewegung zu formen, die die Fans aus dem gesamten Wallis vereint und welches bereit ist, die aktuellen und zuk\u00fcnftigen Herausforderungen des FC Sitten gemeinsam zu bew\u00e4ltigen.<\/p>\n\t\t\t\t\t\t\t\t<\/div>\n\t\t\t\t<\/div>\n\t\t\t\t<\/div>\n\t\t\t\t\t<\/div>\n\t\t\t\t<\/div>\n\t\t<div class=\"elementor-element elementor-element-5947f87 e-flex e-con-boxed e-con e-parent\" data-id=\"5947f87\" data-element_type=\"container\" data-e-type=\"container\">\n\t\t\t\t\t<div class=\"e-con-inner\">\n\t\t\t\t<div class=\"elementor-element elementor-element-1bc81c3 elementor-widget elementor-widget-spacer\" data-id=\"1bc81c3\" data-element_type=\"widget\" data-e-type=\"widget\" data-widget_type=\"spacer.default\">\n\t\t\t\t<div class=\"elementor-widget-container\">\n\t\t\t\t\t\t\t<div class=\"elementor-spacer\">\n\t\t\t<div class=\"elementor-spacer-inner\"><\/div>\n\t\t<\/div>\n\t\t\t\t\t\t<\/div>\n\t\t\t\t<\/div>\n\t\t\t\t\t<\/div>\n\t\t\t\t<\/div>\n\t\t<div class=\"elementor-element elementor-element-943c399 e-flex e-con-boxed e-con e-parent\" data-id=\"943c399\" data-element_type=\"container\" data-e-type=\"container\" data-settings=\"{&quot;background_background&quot;:&quot;classic&quot;}\">\n\t\t\t\t\t<div class=\"e-con-inner\">\n\t\t\t\t<div class=\"elementor-element elementor-element-e291242 elementor-widget elementor-widget-heading\" data-id=\"e291242\" data-element_type=\"widget\" data-e-type=\"widget\" data-widget_type=\"heading.default\">\n\t\t\t\t<div class=\"elementor-widget-container\">\n\t\t\t\t\t<h2 class=\"elementor-heading-title elementor-size-default\">Unsere Vision in 3 Punkten<\/h2>\t\t\t\t<\/div>\n\t\t\t\t<\/div>\n\t\t\t\t\t<\/div>\n\t\t\t\t<\/div>\n\t\t<div class=\"elementor-element elementor-element-5a23075 e-flex e-con-boxed e-con e-parent\" data-id=\"5a23075\" data-element_type=\"container\" data-e-type=\"container\">\n\t\t\t\t\t<div class=\"e-con-inner\">\n\t\t<div class=\"elementor-element elementor-element-e6152f2 e-con-full e-flex e-con e-child\" data-id=\"e6152f2\" data-element_type=\"container\" data-e-type=\"container\" data-settings=\"{&quot;background_background&quot;:&quot;classic&quot;}\">\n\t\t\t\t<div class=\"elementor-element elementor-element-b2fee27 elementor-widget elementor-widget-image\" data-id=\"b2fee27\" data-element_type=\"widget\" data-e-type=\"widget\" data-widget_type=\"image.default\">\n\t\t\t\t<div class=\"elementor-widget-container\">\n\t\t\t\t\t\t\t\t\t\t\t\t\t\t\t<img loading=\"lazy\" decoding=\"async\" width=\"600\" height=\"600\" src=\"https:\/\/www.collectif-tourbillon.ch\/wp-content\/uploads\/2024\/08\/picto_tourbillon2.pdf-1.png\" class=\"attachment-medium_large size-medium_large wp-image-30485\" alt=\"\" srcset=\"https:\/\/www.collectif-tourbillon.ch\/wp-content\/uploads\/2024\/08\/picto_tourbillon2.pdf-1.png 600w, https:\/\/www.collectif-tourbillon.ch\/wp-content\/uploads\/2024\/08\/picto_tourbillon2.pdf-1-300x300.png 300w, https:\/\/www.collectif-tourbillon.ch\/wp-content\/uploads\/2024\/08\/picto_tourbillon2.pdf-1-150x150.png 150w\" sizes=\"(max-width: 600px) 100vw, 600px\" \/>\t\t\t\t\t\t\t\t\t\t\t\t\t\t\t<\/div>\n\t\t\t\t<\/div>\n\t\t\t\t<div class=\"elementor-element elementor-element-d1dff89 elementor-widget elementor-widget-heading\" data-id=\"d1dff89\" data-element_type=\"widget\" data-e-type=\"widget\" data-widget_type=\"heading.default\">\n\t\t\t\t<div class=\"elementor-widget-container\">\n\t\t\t\t\t<h3 class=\"elementor-heading-title elementor-size-default\">Mitmacho<\/h3>\t\t\t\t<\/div>\n\t\t\t\t<\/div>\n\t\t\t\t<div class=\"elementor-element elementor-element-c60e760 elementor-widget elementor-widget-text-editor\" data-id=\"c60e760\" data-element_type=\"widget\" data-e-type=\"widget\" data-widget_type=\"text-editor.default\">\n\t\t\t\t<div class=\"elementor-widget-container\">\n\t\t\t\t\t\t\t\t\t<p>Im Vereinsleben und bei den Events des Collectifs<\/p>\n\t\t\t\t\t\t\t\t<\/div>\n\t\t\t\t<\/div>\n\t\t\t\t<\/div>\n\t\t<div class=\"elementor-element elementor-element-ae4737b e-con-full e-flex e-con e-child\" data-id=\"ae4737b\" data-element_type=\"container\" data-e-type=\"container\" data-settings=\"{&quot;background_background&quot;:&quot;classic&quot;}\">\n\t\t\t\t<div class=\"elementor-element elementor-element-ae2ff51 elementor-widget elementor-widget-image\" data-id=\"ae2ff51\" data-element_type=\"widget\" data-e-type=\"widget\" data-widget_type=\"image.default\">\n\t\t\t\t<div class=\"elementor-widget-container\">\n\t\t\t\t\t\t\t\t\t\t\t\t\t\t\t<img loading=\"lazy\" decoding=\"async\" width=\"600\" height=\"600\" src=\"https:\/\/www.collectif-tourbillon.ch\/wp-content\/uploads\/2024\/08\/picto_tourbillon1.pdf.png\" class=\"attachment-medium_large size-medium_large wp-image-30478\" alt=\"\" srcset=\"https:\/\/www.collectif-tourbillon.ch\/wp-content\/uploads\/2024\/08\/picto_tourbillon1.pdf.png 600w, https:\/\/www.collectif-tourbillon.ch\/wp-content\/uploads\/2024\/08\/picto_tourbillon1.pdf-300x300.png 300w, https:\/\/www.collectif-tourbillon.ch\/wp-content\/uploads\/2024\/08\/picto_tourbillon1.pdf-150x150.png 150w\" sizes=\"(max-width: 600px) 100vw, 600px\" \/>\t\t\t\t\t\t\t\t\t\t\t\t\t\t\t<\/div>\n\t\t\t\t<\/div>\n\t\t\t\t<div class=\"elementor-element elementor-element-ee425bd elementor-widget elementor-widget-heading\" data-id=\"ee425bd\" data-element_type=\"widget\" data-e-type=\"widget\" data-widget_type=\"heading.default\">\n\t\t\t\t<div class=\"elementor-widget-container\">\n\t\t\t\t\t<h3 class=\"elementor-heading-title elementor-size-default\">Mitschaffo<\/h3>\t\t\t\t<\/div>\n\t\t\t\t<\/div>\n\t\t\t\t<div class=\"elementor-element elementor-element-2815a6d elementor-widget elementor-widget-text-editor\" data-id=\"2815a6d\" data-element_type=\"widget\" data-e-type=\"widget\" data-widget_type=\"text-editor.default\">\n\t\t\t\t<div class=\"elementor-widget-container\">\n\t\t\t\t\t\t\t\t\t<p>Bei der Entwicklung des Clubs, indem Du an Umfragen und der Generalversammlung des Collectifs teilnimmst<\/p>\n\t\t\t\t\t\t\t\t<\/div>\n\t\t\t\t<\/div>\n\t\t\t\t<\/div>\n\t\t<div class=\"elementor-element elementor-element-0ae6951 e-con-full e-flex e-con e-child\" data-id=\"0ae6951\" data-element_type=\"container\" data-e-type=\"container\" data-settings=\"{&quot;background_background&quot;:&quot;classic&quot;}\">\n\t\t\t\t<div class=\"elementor-element elementor-element-04dd314 elementor-widget elementor-widget-image\" data-id=\"04dd314\" data-element_type=\"widget\" data-e-type=\"widget\" data-widget_type=\"image.default\">\n\t\t\t\t<div class=\"elementor-widget-container\">\n\t\t\t\t\t\t\t\t\t\t\t\t\t\t\t<img loading=\"lazy\" decoding=\"async\" width=\"600\" height=\"600\" src=\"https:\/\/www.collectif-tourbillon.ch\/wp-content\/uploads\/2024\/08\/picto_tourbillon3.pdf-1.png\" class=\"attachment-medium_large size-medium_large wp-image-30487\" alt=\"\" srcset=\"https:\/\/www.collectif-tourbillon.ch\/wp-content\/uploads\/2024\/08\/picto_tourbillon3.pdf-1.png 600w, https:\/\/www.collectif-tourbillon.ch\/wp-content\/uploads\/2024\/08\/picto_tourbillon3.pdf-1-300x300.png 300w, https:\/\/www.collectif-tourbillon.ch\/wp-content\/uploads\/2024\/08\/picto_tourbillon3.pdf-1-150x150.png 150w\" sizes=\"(max-width: 600px) 100vw, 600px\" \/>\t\t\t\t\t\t\t\t\t\t\t\t\t\t\t<\/div>\n\t\t\t\t<\/div>\n\t\t\t\t<div class=\"elementor-element elementor-element-75c912f elementor-widget elementor-widget-heading\" data-id=\"75c912f\" data-element_type=\"widget\" data-e-type=\"widget\" data-widget_type=\"heading.default\">\n\t\t\t\t<div class=\"elementor-widget-container\">\n\t\t\t\t\t<h3 class=\"elementor-heading-title elementor-size-default\">Mitfi\u00e4bro<\/h3>\t\t\t\t<\/div>\n\t\t\t\t<\/div>\n\t\t\t\t<div class=\"elementor-element elementor-element-768ca60 elementor-widget elementor-widget-text-editor\" data-id=\"768ca60\" data-element_type=\"widget\" data-e-type=\"widget\" data-widget_type=\"text-editor.default\">\n\t\t\t\t<div class=\"elementor-widget-container\">\n\t\t\t\t\t\t\t\t\t<p>Bei Spielen des FC Sitten und bei exklusiven Veranstaltungen des Collectifs<\/p>\n\t\t\t\t\t\t\t\t<\/div>\n\t\t\t\t<\/div>\n\t\t\t\t<\/div>\n\t\t\t\t\t<\/div>\n\t\t\t\t<\/div>\n\t\t<div class=\"elementor-element elementor-element-73344b1 e-flex e-con-boxed e-con e-parent\" data-id=\"73344b1\" data-element_type=\"container\" data-e-type=\"container\">\n\t\t\t\t\t<div class=\"e-con-inner\">\n\t\t\t\t<div class=\"elementor-element elementor-element-97d8aca elementor-widget elementor-widget-spacer\" data-id=\"97d8aca\" data-element_type=\"widget\" data-e-type=\"widget\" data-widget_type=\"spacer.default\">\n\t\t\t\t<div class=\"elementor-widget-container\">\n\t\t\t\t\t\t\t<div class=\"elementor-spacer\">\n\t\t\t<div class=\"elementor-spacer-inner\"><\/div>\n\t\t<\/div>\n\t\t\t\t\t\t<\/div>\n\t\t\t\t<\/div>\n\t\t\t\t\t<\/div>\n\t\t\t\t<\/div>\n\t\t<div class=\"elementor-element elementor-element-4faf46a e-flex e-con-boxed e-con e-parent\" data-id=\"4faf46a\" data-element_type=\"container\" data-e-type=\"container\" data-settings=\"{&quot;background_background&quot;:&quot;classic&quot;}\">\n\t\t\t\t\t<div class=\"e-con-inner\">\n\t\t\t\t<div class=\"elementor-element elementor-element-ae0dee9 elementor-widget elementor-widget-heading\" data-id=\"ae0dee9\" data-element_type=\"widget\" data-e-type=\"widget\" data-widget_type=\"heading.default\">\n\t\t\t\t<div class=\"elementor-widget-container\">\n\t\t\t\t\t<h3 class=\"elementor-heading-title elementor-size-default\">Entdecke die Statuten des Collectifs<\/h3>\t\t\t\t<\/div>\n\t\t\t\t<\/div>\n\t\t\t\t<div class=\"elementor-element elementor-element-7ce0dde elementor-align-center elementor-widget elementor-widget-button\" data-id=\"7ce0dde\" data-element_type=\"widget\" data-e-type=\"widget\" data-widget_type=\"button.default\">\n\t\t\t\t<div class=\"elementor-widget-container\">\n\t\t\t\t\t\t\t\t\t<div class=\"elementor-button-wrapper\">\n\t\t\t\t\t<a class=\"elementor-button elementor-button-link elementor-size-sm\" href=\"http:\/\/www.collectif-tourbillon.ch\/wp-content\/uploads\/2024\/08\/2024.06.24_Statuts.pdf\" download=\"rapport.pdf\">\n\t\t\t\t\t\t<span class=\"elementor-button-content-wrapper\">\n\t\t\t\t\t\t\t\t\t<span class=\"elementor-button-text\">Herunterladen<\/span>\n\t\t\t\t\t<\/span>\n\t\t\t\t\t<\/a>\n\t\t\t\t<\/div>\n\t\t\t\t\t\t\t\t<\/div>\n\t\t\t\t<\/div>\n\t\t\t\t\t<\/div>\n\t\t\t\t<\/div>\n\t\t\t\t<\/div>\n\t\t","protected":false},"excerpt":{"rendered":"<p>\u00dcber uns Unsere Vision Die Leidenschaft f\u00fcr den Fussball bewahren Ob als Mitglied des Collectifs oder als Fan, wir streben danach, dass der FC Sitten sich weiterentwickelt und jede Saison besser wird. Wir wollen die Werte und die Identit\u00e4t des FC Sitten bewahren und dabei unserem Verst\u00e4ndnis von Fussball treu bleiben. Mitglied des Collectifs zu [&hellip;]<\/p>\n","protected":false},"author":1,"featured_media":0,"parent":0,"menu_order":0,"comment_status":"closed","ping_status":"closed","template":"","meta":{"inline_featured_image":false,"footnotes":""},"class_list":["post-29658","page","type-page","status-publish","hentry"],"aioseo_notices":[],"_links":{"self":[{"href":"https:\/\/www.collectif-tourbillon.ch\/de\/wp-json\/wp\/v2\/pages\/29658","targetHints":{"allow":["GET"]}}],"collection":[{"href":"https:\/\/www.collectif-tourbillon.ch\/de\/wp-json\/wp\/v2\/pages"}],"about":[{"href":"https:\/\/www.collectif-tourbillon.ch\/de\/wp-json\/wp\/v2\/types\/page"}],"author":[{"embeddable":true,"href":"https:\/\/www.collectif-tourbillon.ch\/de\/wp-json\/wp\/v2\/users\/1"}],"replies":[{"embeddable":true,"href":"https:\/\/www.collectif-tourbillon.ch\/de\/wp-json\/wp\/v2\/comments?post=29658"}],"version-history":[{"count":48,"href":"https:\/\/www.collectif-tourbillon.ch\/de\/wp-json\/wp\/v2\/pages\/29658\/revisions"}],"predecessor-version":[{"id":30701,"href":"https:\/\/www.collectif-tourbillon.ch\/de\/wp-json\/wp\/v2\/pages\/29658\/revisions\/30701"}],"wp:attachment":[{"href":"https:\/\/www.collectif-tourbillon.ch\/de\/wp-json\/wp\/v2\/media?parent=29658"}],"curies":[{"name":"wp","href":"https:\/\/api.w.org\/{rel}","templated":true}]}}