{"id":29215,"date":"2024-06-20T15:37:45","date_gmt":"2024-06-20T13:37:45","guid":{"rendered":"https:\/\/test.collectif-tourbillon.ch\/startseite\/"},"modified":"2024-08-26T22:02:58","modified_gmt":"2024-08-26T20:02:58","slug":"startseite","status":"publish","type":"page","link":"https:\/\/www.collectif-tourbillon.ch\/de\/","title":{"rendered":"Startseite"},"content":{"rendered":"\t\t<div data-elementor-type=\"wp-page\" data-elementor-id=\"29215\" class=\"elementor elementor-29215 elementor-28858\" data-elementor-post-type=\"page\">\n\t\t\t\t<div class=\"elementor-element elementor-element-6f263b4 e-flex e-con-boxed e-con e-parent\" data-id=\"6f263b4\" data-element_type=\"container\" data-e-type=\"container\" data-settings=\"{&quot;background_background&quot;:&quot;classic&quot;}\">\n\t\t\t\t\t<div class=\"e-con-inner\">\n\t\t\t\t<div class=\"elementor-element elementor-element-5d0bc76 elementor-widget elementor-widget-spacer\" data-id=\"5d0bc76\" data-element_type=\"widget\" data-e-type=\"widget\" data-widget_type=\"spacer.default\">\n\t\t\t\t<div class=\"elementor-widget-container\">\n\t\t\t\t\t\t\t<div class=\"elementor-spacer\">\n\t\t\t<div class=\"elementor-spacer-inner\"><\/div>\n\t\t<\/div>\n\t\t\t\t\t\t<\/div>\n\t\t\t\t<\/div>\n\t\t\t\t<div class=\"elementor-element elementor-element-2bc48182 elementor-widget elementor-widget-heading\" data-id=\"2bc48182\" data-element_type=\"widget\" data-e-type=\"widget\" data-widget_type=\"heading.default\">\n\t\t\t\t<div class=\"elementor-widget-container\">\n\t\t\t\t\t<h1 class=\"elementor-heading-title elementor-size-default\">Das Collectif Tourbillon<\/h1>\t\t\t\t<\/div>\n\t\t\t\t<\/div>\n\t\t\t\t<div class=\"elementor-element elementor-element-debb47 elementor-widget elementor-widget-heading\" data-id=\"debb47\" data-element_type=\"widget\" data-e-type=\"widget\" data-widget_type=\"heading.default\">\n\t\t\t\t<div class=\"elementor-widget-container\">\n\t\t\t\t\t<h2 class=\"elementor-heading-title elementor-size-default\">Gemeinsam gestalten<\/h2>\t\t\t\t<\/div>\n\t\t\t\t<\/div>\n\t\t\t\t<div class=\"elementor-element elementor-element-7c4d3b4a elementor-widget elementor-widget-text-editor\" data-id=\"7c4d3b4a\" data-element_type=\"widget\" data-e-type=\"widget\" data-widget_type=\"text-editor.default\">\n\t\t\t\t<div class=\"elementor-widget-container\">\n\t\t\t\t\t\t\t\t\t<p>Du lebst f\u00fcr den FC Sitten?<br \/>Du m\u00f6chtest, dass der Club w\u00e4chst und erfolgreicher wird? <br \/>Du willst <span style=\"color:#ED2424;\">Mitmacho<\/span>, <span style=\"color:#ED2424;\">Mitschaffo<\/span> und <span style=\"color:#ED2424;\">Mitfi\u00e4bro<\/span> um den Club nach deinen Vorstellungen zu gestalten?<br \/>Dann werde Mitglied beim Collectif Tourbillon.  <\/p>\n\t\t\t\t\t\t\t\t<\/div>\n\t\t\t\t<\/div>\n\t\t<div class=\"elementor-element elementor-element-9a9f4a9 e-con-full e-flex e-con e-child\" data-id=\"9a9f4a9\" data-element_type=\"container\" data-e-type=\"container\">\n\t\t\t\t<div class=\"elementor-element elementor-element-3e98c9d elementor-widget elementor-widget-button\" data-id=\"3e98c9d\" data-element_type=\"widget\" data-e-type=\"widget\" data-widget_type=\"button.default\">\n\t\t\t\t<div class=\"elementor-widget-container\">\n\t\t\t\t\t\t\t\t\t<div class=\"elementor-button-wrapper\">\n\t\t\t\t\t<a class=\"elementor-button elementor-button-link elementor-size-sm\" href=\"https:\/\/test.collectif-tourbillon.ch\/de\/das-kollektiv\/\">\n\t\t\t\t\t\t<span class=\"elementor-button-content-wrapper\">\n\t\t\t\t\t\t\t\t\t<span class=\"elementor-button-text\">\u00dcber uns<\/span>\n\t\t\t\t\t<\/span>\n\t\t\t\t\t<\/a>\n\t\t\t\t<\/div>\n\t\t\t\t\t\t\t\t<\/div>\n\t\t\t\t<\/div>\n\t\t\t\t<div class=\"elementor-element elementor-element-e70fc4d elementor-widget elementor-widget-button\" data-id=\"e70fc4d\" data-element_type=\"widget\" data-e-type=\"widget\" data-widget_type=\"button.default\">\n\t\t\t\t<div class=\"elementor-widget-container\">\n\t\t\t\t\t\t\t\t\t<div class=\"elementor-button-wrapper\">\n\t\t\t\t\t<a class=\"elementor-button elementor-button-link elementor-size-sm\" href=\"https:\/\/test.collectif-tourbillon.ch\/de\/mitglied-werden\/\">\n\t\t\t\t\t\t<span class=\"elementor-button-content-wrapper\">\n\t\t\t\t\t\t\t\t\t<span class=\"elementor-button-text\">Mitglied werden<\/span>\n\t\t\t\t\t<\/span>\n\t\t\t\t\t<\/a>\n\t\t\t\t<\/div>\n\t\t\t\t\t\t\t\t<\/div>\n\t\t\t\t<\/div>\n\t\t\t\t<\/div>\n\t\t\t\t\t<\/div>\n\t\t\t\t<\/div>\n\t\t<div class=\"elementor-element elementor-element-759191b e-flex e-con-boxed e-con e-parent\" data-id=\"759191b\" data-element_type=\"container\" data-e-type=\"container\" data-settings=\"{&quot;background_background&quot;:&quot;classic&quot;}\">\n\t\t\t\t\t<div class=\"e-con-inner\">\n\t\t<div class=\"elementor-element elementor-element-9669e5c e-con-full e-flex e-con e-child\" data-id=\"9669e5c\" data-element_type=\"container\" data-e-type=\"container\">\n\t\t\t\t<div class=\"elementor-element elementor-element-7cb4533 elementor-widget elementor-widget-heading\" data-id=\"7cb4533\" data-element_type=\"widget\" data-e-type=\"widget\" data-widget_type=\"heading.default\">\n\t\t\t\t<div class=\"elementor-widget-container\">\n\t\t\t\t\t<h2 class=\"elementor-heading-title elementor-size-default\">Unsere Ziele<\/h2>\t\t\t\t<\/div>\n\t\t\t\t<\/div>\n\t\t\t\t<div class=\"elementor-element elementor-element-ab8a807 elementor-widget elementor-widget-text-editor\" data-id=\"ab8a807\" data-element_type=\"widget\" data-e-type=\"widget\" data-widget_type=\"text-editor.default\">\n\t\t\t\t<div class=\"elementor-widget-container\">\n\t\t\t\t\t\t\t\t\t<p>Das Collectif Tourbillon will sich f\u00fcr die Zukunft des FC Sitten engagieren, indem es gezielt Projekte des Vereins \u2013 wie die Nachwuchsf\u00f6rderung und den Frauenfussball \u2013 finanziell unterst\u00fctzt. So sollen die Fans st\u00e4rker in das Vereinsleben des FC Sitten eingebunden und aktiv beteiligt werden.<\/p>\n<p>Um dies zu erm\u00f6glichen, m\u00fcssen wir Mittel von Fans und Unternehmen sammeln, die an eine Zukunft des FC Sitten in Walliser H\u00e4nden glauben. <\/p>\n<p>Aus diesem Grund haben wir das Collectif Tourbillon in einen Fanverein umgewandelt, in der die Mitglieder eine Beitrittsgeb\u00fchr und einen Jahresbeitrag zahlen.<\/p>\n<p style=\"font-weight: 400;\">Die gesammelten Gelder \u2013 abz\u00fcglich der Betriebskosten \u2013 werden auf einem Konto hinterlegt, mit dem Ziel, einen Teil des Aktienkapitals des FC Sitten zu erwerben.<\/p>\n<p style=\"font-weight: 400;\">Die Generalversammlung des Collectif Tourbillon kann beschliessen, einen Teil der Mittel anderen Bereichen des Vereins, insbesondere der Nachwuchs- und Frauenabteilungen, zu widmen, um gezielte Projekte zu f\u00f6rdern.<\/p>\n\t\t\t\t\t\t\t\t<\/div>\n\t\t\t\t<\/div>\n\t\t\t\t<div class=\"elementor-element elementor-element-004b112 elementor-widget elementor-widget-button\" data-id=\"004b112\" data-element_type=\"widget\" data-e-type=\"widget\" data-widget_type=\"button.default\">\n\t\t\t\t<div class=\"elementor-widget-container\">\n\t\t\t\t\t\t\t\t\t<div class=\"elementor-button-wrapper\">\n\t\t\t\t\t<a class=\"elementor-button elementor-button-link elementor-size-sm\" href=\"https:\/\/test.collectif-tourbillon.ch\/de\/faq\/\">\n\t\t\t\t\t\t<span class=\"elementor-button-content-wrapper\">\n\t\t\t\t\t\t\t\t\t<span class=\"elementor-button-text\">Entdecke die FAQ<\/span>\n\t\t\t\t\t<\/span>\n\t\t\t\t\t<\/a>\n\t\t\t\t<\/div>\n\t\t\t\t\t\t\t\t<\/div>\n\t\t\t\t<\/div>\n\t\t\t\t<\/div>\n\t\t<div class=\"elementor-element elementor-element-0bcea74 e-con-full e-flex e-con e-child\" data-id=\"0bcea74\" data-element_type=\"container\" data-e-type=\"container\">\n\t\t\t\t<div class=\"elementor-element elementor-element-742444f e-transform elementor-widget elementor-widget-image\" data-id=\"742444f\" data-element_type=\"widget\" data-e-type=\"widget\" data-settings=\"{&quot;_transform_scale_effect_hover&quot;:{&quot;unit&quot;:&quot;px&quot;,&quot;size&quot;:1.01,&quot;sizes&quot;:[]},&quot;_transform_scale_effect_hover_widescreen&quot;:{&quot;unit&quot;:&quot;px&quot;,&quot;size&quot;:&quot;&quot;,&quot;sizes&quot;:[]},&quot;_transform_scale_effect_hover_laptop&quot;:{&quot;unit&quot;:&quot;px&quot;,&quot;size&quot;:&quot;&quot;,&quot;sizes&quot;:[]},&quot;_transform_scale_effect_hover_tablet&quot;:{&quot;unit&quot;:&quot;px&quot;,&quot;size&quot;:&quot;&quot;,&quot;sizes&quot;:[]},&quot;_transform_scale_effect_hover_mobile&quot;:{&quot;unit&quot;:&quot;px&quot;,&quot;size&quot;:&quot;&quot;,&quot;sizes&quot;:[]}}\" data-widget_type=\"image.default\">\n\t\t\t\t<div class=\"elementor-widget-container\">\n\t\t\t\t\t\t\t\t\t\t\t\t\t\t\t<img fetchpriority=\"high\" decoding=\"async\" width=\"768\" height=\"1024\" src=\"https:\/\/www.collectif-tourbillon.ch\/wp-content\/uploads\/2024\/07\/WhatsApp-Image-2024-07-24-at-11.01.04.jpeg\" class=\"attachment-large size-large wp-image-29201\" alt=\"\" srcset=\"https:\/\/www.collectif-tourbillon.ch\/wp-content\/uploads\/2024\/07\/WhatsApp-Image-2024-07-24-at-11.01.04.jpeg 768w, https:\/\/www.collectif-tourbillon.ch\/wp-content\/uploads\/2024\/07\/WhatsApp-Image-2024-07-24-at-11.01.04-225x300.jpeg 225w\" sizes=\"(max-width: 768px) 100vw, 768px\" \/>\t\t\t\t\t\t\t\t\t\t\t\t\t\t\t<\/div>\n\t\t\t\t<\/div>\n\t\t\t\t<div class=\"elementor-element elementor-element-71823f6 elementor-widget elementor-widget-heading\" data-id=\"71823f6\" data-element_type=\"widget\" data-e-type=\"widget\" data-widget_type=\"heading.default\">\n\t\t\t\t<div class=\"elementor-widget-container\">\n\t\t\t\t\t<p class=\"elementor-heading-title elementor-size-default\">Die Initianten des Collectifs mit den Walliser Nationalr\u00e4ten bei einem Besuch in Bern im Jahr 2023<\/p>\t\t\t\t<\/div>\n\t\t\t\t<\/div>\n\t\t\t\t<\/div>\n\t\t\t\t\t<\/div>\n\t\t\t\t<\/div>\n\t\t<div class=\"elementor-element elementor-element-783c1e5 e-flex e-con-boxed e-con e-parent\" data-id=\"783c1e5\" data-element_type=\"container\" data-e-type=\"container\" data-settings=\"{&quot;background_background&quot;:&quot;classic&quot;}\">\n\t\t\t\t\t<div class=\"e-con-inner\">\n\t\t\t\t<div class=\"elementor-element elementor-element-1c33bae elementor-widget elementor-widget-heading\" data-id=\"1c33bae\" data-element_type=\"widget\" data-e-type=\"widget\" data-widget_type=\"heading.default\">\n\t\t\t\t<div class=\"elementor-widget-container\">\n\t\t\t\t\t<h3 class=\"elementor-heading-title elementor-size-default\">Warum Mitglied des Collectifs werden<\/h3>\t\t\t\t<\/div>\n\t\t\t\t<\/div>\n\t\t\t\t<div class=\"elementor-element elementor-element-12d44a5 elementor-widget-divider--view-line elementor-widget elementor-widget-divider\" data-id=\"12d44a5\" data-element_type=\"widget\" data-e-type=\"widget\" data-widget_type=\"divider.default\">\n\t\t\t\t<div class=\"elementor-widget-container\">\n\t\t\t\t\t\t\t<div class=\"elementor-divider\">\n\t\t\t<span class=\"elementor-divider-separator\">\n\t\t\t\t\t\t<\/span>\n\t\t<\/div>\n\t\t\t\t\t\t<\/div>\n\t\t\t\t<\/div>\n\t\t\t\t<div class=\"elementor-element elementor-element-0424e10 elementor-widget elementor-widget-text-editor\" data-id=\"0424e10\" data-element_type=\"widget\" data-e-type=\"widget\" data-widget_type=\"text-editor.default\">\n\t\t\t\t<div class=\"elementor-widget-container\">\n\t\t\t\t\t\t\t\t\t<p class=\"p1\">Mitglied des Collectifs zu sein bedeutet: &#8222;Mitmacho&#8220; im Vereinsleben, &#8222;Mitschaffo&#8220; bei der Gestaltung der Zukunft des FC Sitten und &#8222;Mitfi\u00e4bro&#8220; bei den Erfolgen des Clubs. <\/p>\n<p class=\"p1\">Um deine Stimme einzubringen und dich zu engagieren, organisiert das Collectif Aktionen und Veranstaltungen, um die Stimmen der Fans zu vereinen. Die Generalversammlung gibt dir die Gelegenheit, deine Stimme einzubringen und den Vorstand zu w\u00e4hlen. Durch Umfragen kannst du Einfluss auf die Entscheidungen des Vorstands nehmen. Die Events bieten exklusive Treffpunkte f\u00fcr Fans, um sich auszutauschen, sich zu informieren und die gemeinsame Leidenschaft f\u00fcr den FC Sitten auszuleben.  <\/p>\n\t\t\t\t\t\t\t\t<\/div>\n\t\t\t\t<\/div>\n\t\t\t\t<div class=\"elementor-element elementor-element-8833c09 elementor-widget elementor-widget-button\" data-id=\"8833c09\" data-element_type=\"widget\" data-e-type=\"widget\" data-widget_type=\"button.default\">\n\t\t\t\t<div class=\"elementor-widget-container\">\n\t\t\t\t\t\t\t\t\t<div class=\"elementor-button-wrapper\">\n\t\t\t\t\t<a class=\"elementor-button elementor-button-link elementor-size-sm\" href=\"https:\/\/www.collectif-tourbillon.ch\/de\/mitglied-werden\/\">\n\t\t\t\t\t\t<span class=\"elementor-button-content-wrapper\">\n\t\t\t\t\t\t\t\t\t<span class=\"elementor-button-text\">Mitglied werden<\/span>\n\t\t\t\t\t<\/span>\n\t\t\t\t\t<\/a>\n\t\t\t\t<\/div>\n\t\t\t\t\t\t\t\t<\/div>\n\t\t\t\t<\/div>\n\t\t\t\t\t<\/div>\n\t\t\t\t<\/div>\n\t\t<div class=\"elementor-element elementor-element-896ef9e e-flex e-con-boxed e-con e-parent\" data-id=\"896ef9e\" data-element_type=\"container\" data-e-type=\"container\" data-settings=\"{&quot;background_background&quot;:&quot;classic&quot;}\">\n\t\t\t\t\t<div class=\"e-con-inner\">\n\t\t<div class=\"elementor-element elementor-element-5b28b7a e-con-full e-flex e-con e-child\" data-id=\"5b28b7a\" data-element_type=\"container\" data-e-type=\"container\">\n\t\t\t\t<div class=\"elementor-element elementor-element-ecc700e elementor-widget elementor-widget-heading\" data-id=\"ecc700e\" data-element_type=\"widget\" data-e-type=\"widget\" data-widget_type=\"heading.default\">\n\t\t\t\t<div class=\"elementor-widget-container\">\n\t\t\t\t\t<h3 class=\"elementor-heading-title elementor-size-default\">Ursprung des Collectifs<\/h3>\t\t\t\t<\/div>\n\t\t\t\t<\/div>\n\t\t\t\t<div class=\"elementor-element elementor-element-1177723 elementor-widget elementor-widget-text-editor\" data-id=\"1177723\" data-element_type=\"widget\" data-e-type=\"widget\" data-widget_type=\"text-editor.default\">\n\t\t\t\t<div class=\"elementor-widget-container\">\n\t\t\t\t\t\t\t\t\t<p>Das Collectif Tourbillon wurde 2023 von sieben Freunden des FC Sitten gegr\u00fcndet. Als die Zukunft des FC Sitten im Profibereich ungewiss war, haben wir uns zusammengetan, um die Werte und Idee des Clubs zu sch\u00fctzen.<\/p>\n<p>In einer Zeit, in welcher der Fussball zunehmend kommerzialisiert wird, m\u00f6chten wir an den Werten unseres Lieblingssports festhalten. Wir glauben, dass wir die die Werte und die Identit\u00e4t des FC Sitten am besten sch\u00fctzen k\u00f6nnen, in dem wir alle Fans im Wallis vereinigen. So k\u00f6nnen wir unsere Leidenschaft ausleben, die Generationen verbindet. <\/p>\n\t\t\t\t\t\t\t\t<\/div>\n\t\t\t\t<\/div>\n\t\t\t\t<div class=\"elementor-element elementor-element-f02c862 elementor-widget elementor-widget-button\" data-id=\"f02c862\" data-element_type=\"widget\" data-e-type=\"widget\" data-widget_type=\"button.default\">\n\t\t\t\t<div class=\"elementor-widget-container\">\n\t\t\t\t\t\t\t\t\t<div class=\"elementor-button-wrapper\">\n\t\t\t\t\t<a class=\"elementor-button elementor-button-link elementor-size-sm\" href=\"https:\/\/test.collectif-tourbillon.ch\/de\/das-kollektiv\/\">\n\t\t\t\t\t\t<span class=\"elementor-button-content-wrapper\">\n\t\t\t\t\t\t\t\t\t<span class=\"elementor-button-text\">Entdecke das Collectif<\/span>\n\t\t\t\t\t<\/span>\n\t\t\t\t\t<\/a>\n\t\t\t\t<\/div>\n\t\t\t\t\t\t\t\t<\/div>\n\t\t\t\t<\/div>\n\t\t\t\t<\/div>\n\t\t<div class=\"elementor-element elementor-element-0496d8c e-con-full e-flex e-con e-child\" data-id=\"0496d8c\" data-element_type=\"container\" data-e-type=\"container\">\n\t\t\t\t<div class=\"elementor-element elementor-element-e2c0f7a e-transform elementor-widget elementor-widget-image\" data-id=\"e2c0f7a\" data-element_type=\"widget\" data-e-type=\"widget\" data-settings=\"{&quot;_transform_scale_effect_hover&quot;:{&quot;unit&quot;:&quot;px&quot;,&quot;size&quot;:1.01,&quot;sizes&quot;:[]},&quot;_transform_scale_effect_hover_widescreen&quot;:{&quot;unit&quot;:&quot;px&quot;,&quot;size&quot;:&quot;&quot;,&quot;sizes&quot;:[]},&quot;_transform_scale_effect_hover_laptop&quot;:{&quot;unit&quot;:&quot;px&quot;,&quot;size&quot;:&quot;&quot;,&quot;sizes&quot;:[]},&quot;_transform_scale_effect_hover_tablet&quot;:{&quot;unit&quot;:&quot;px&quot;,&quot;size&quot;:&quot;&quot;,&quot;sizes&quot;:[]},&quot;_transform_scale_effect_hover_mobile&quot;:{&quot;unit&quot;:&quot;px&quot;,&quot;size&quot;:&quot;&quot;,&quot;sizes&quot;:[]}}\" data-widget_type=\"image.default\">\n\t\t\t\t<div class=\"elementor-widget-container\">\n\t\t\t\t\t\t\t\t\t\t\t\t\t\t\t<img decoding=\"async\" width=\"800\" height=\"789\" src=\"https:\/\/www.collectif-tourbillon.ch\/wp-content\/uploads\/2024\/07\/WhatsApp-Image-2024-07-24-at-10.59.01-1024x1010.jpeg\" class=\"attachment-large size-large wp-image-29197\" alt=\"\" srcset=\"https:\/\/www.collectif-tourbillon.ch\/wp-content\/uploads\/2024\/07\/WhatsApp-Image-2024-07-24-at-10.59.01-1024x1010.jpeg 1024w, https:\/\/www.collectif-tourbillon.ch\/wp-content\/uploads\/2024\/07\/WhatsApp-Image-2024-07-24-at-10.59.01-300x296.jpeg 300w, https:\/\/www.collectif-tourbillon.ch\/wp-content\/uploads\/2024\/07\/WhatsApp-Image-2024-07-24-at-10.59.01-768x758.jpeg 768w, https:\/\/www.collectif-tourbillon.ch\/wp-content\/uploads\/2024\/07\/WhatsApp-Image-2024-07-24-at-10.59.01.jpeg 1179w\" sizes=\"(max-width: 800px) 100vw, 800px\" \/>\t\t\t\t\t\t\t\t\t\t\t\t\t\t\t<\/div>\n\t\t\t\t<\/div>\n\t\t\t\t<div class=\"elementor-element elementor-element-0c5abdc elementor-widget elementor-widget-heading\" data-id=\"0c5abdc\" data-element_type=\"widget\" data-e-type=\"widget\" data-widget_type=\"heading.default\">\n\t\t\t\t<div class=\"elementor-widget-container\">\n\t\t\t\t\t<p class=\"elementor-heading-title elementor-size-default\">Pressekonferenz des Collectifs im September 2023<\/p>\t\t\t\t<\/div>\n\t\t\t\t<\/div>\n\t\t\t\t<\/div>\n\t\t\t\t\t<\/div>\n\t\t\t\t<\/div>\n\t\t<div class=\"elementor-element elementor-element-d455833 e-flex e-con-boxed e-con e-parent\" data-id=\"d455833\" data-element_type=\"container\" data-e-type=\"container\" data-settings=\"{&quot;background_background&quot;:&quot;classic&quot;}\">\n\t\t\t\t\t<div class=\"e-con-inner\">\n\t\t\t\t<div class=\"elementor-element elementor-element-f3fa699 elementor-widget elementor-widget-heading\" data-id=\"f3fa699\" data-element_type=\"widget\" data-e-type=\"widget\" data-widget_type=\"heading.default\">\n\t\t\t\t<div class=\"elementor-widget-container\">\n\t\t\t\t\t<h3 class=\"elementor-heading-title elementor-size-default\">Liidoschaft \u00fcsl\u00e4bo, Generatione verbindo<\/h3>\t\t\t\t<\/div>\n\t\t\t\t<\/div>\n\t\t\t\t\t<\/div>\n\t\t\t\t<\/div>\n\t\t\t\t<\/div>\n\t\t","protected":false},"excerpt":{"rendered":"<p>Das Collectif Tourbillon Gemeinsam gestalten Du lebst f\u00fcr den FC Sitten?Du m\u00f6chtest, dass der Club w\u00e4chst und erfolgreicher wird? Du willst Mitmacho, Mitschaffo und Mitfi\u00e4bro um den Club nach deinen Vorstellungen zu gestalten?Dann werde Mitglied beim Collectif Tourbillon. \u00dcber uns Mitglied werden Unsere Ziele Das Collectif Tourbillon will sich f\u00fcr die Zukunft des FC Sitten [&hellip;]<\/p>\n","protected":false},"author":1,"featured_media":0,"parent":0,"menu_order":0,"comment_status":"closed","ping_status":"closed","template":"","meta":{"inline_featured_image":false,"footnotes":""},"class_list":["post-29215","page","type-page","status-publish","hentry"],"aioseo_notices":[],"_links":{"self":[{"href":"https:\/\/www.collectif-tourbillon.ch\/de\/wp-json\/wp\/v2\/pages\/29215","targetHints":{"allow":["GET"]}}],"collection":[{"href":"https:\/\/www.collectif-tourbillon.ch\/de\/wp-json\/wp\/v2\/pages"}],"about":[{"href":"https:\/\/www.collectif-tourbillon.ch\/de\/wp-json\/wp\/v2\/types\/page"}],"author":[{"embeddable":true,"href":"https:\/\/www.collectif-tourbillon.ch\/de\/wp-json\/wp\/v2\/users\/1"}],"replies":[{"embeddable":true,"href":"https:\/\/www.collectif-tourbillon.ch\/de\/wp-json\/wp\/v2\/comments?post=29215"}],"version-history":[{"count":65,"href":"https:\/\/www.collectif-tourbillon.ch\/de\/wp-json\/wp\/v2\/pages\/29215\/revisions"}],"predecessor-version":[{"id":30448,"href":"https:\/\/www.collectif-tourbillon.ch\/de\/wp-json\/wp\/v2\/pages\/29215\/revisions\/30448"}],"wp:attachment":[{"href":"https:\/\/www.collectif-tourbillon.ch\/de\/wp-json\/wp\/v2\/media?parent=29215"}],"curies":[{"name":"wp","href":"https:\/\/api.w.org\/{rel}","templated":true}]}}